{"id":17,"date":"2016-09-17T02:24:04","date_gmt":"2016-09-17T02:24:04","guid":{"rendered":"https:\/\/themify.me\/demo\/themes\/ultra-fitness\/?page_id=4"},"modified":"2022-03-12T12:32:04","modified_gmt":"2022-03-12T11:32:04","slug":"home","status":"publish","type":"page","link":"https:\/\/test.rls-sport.at\/","title":{"rendered":"Home"},"content":{"rendered":"<p><!--themify_builder_static--><\/p>\n<h1>Alles. au\u00dfer. gew\u00f6hnlich.<br \/>Tolles Service muss nicht sauteuer sein<\/h1>\n<h2>Werkstatt<br \/>Schrauben mit Feingef\u00fchl<\/h2>\n<p>Das kleine Service \u20ac75 Steuersatz, Tretlager, Federgabel und Kette kontrollieren, Schaltung, Werfer und Bremsen einstellen, Laufr\u00e4der zentrieren&#8230;<\/p>\n<p>\nDas Gro\u00dfe Service \u20ac120 Steuersatz, Tretlager, Federgabel und Kette kontrollieren, Schaltung, Werfer und Bremsen einstellen, Laufr\u00e4der zentrieren. Zus\u00e4tzlich: Steuerung, Naben und Getriebe, wenn notwendig, zerlegen und fetten bzw. Lagerwechsel und Federgabelkontrolle.<\/p>\n<p>Das Erste Service gratis Bei allen bei uns gekauften R\u00e4dern gibt es selbstverst\u00e4ndlich ein erstes Service gratis (nach ca. 300-400 km). Im ersten Jahr (ab Kaufdatum) tauschen wir gerne den Vorbau sowie den Lenker, bis alles 100%ig pa\u00dft. Auch der Sattel wird bis zu 2mal (falls notwendig) getauscht.<\/p>\n<h3>Deine richtige Position<br \/>am Rad<\/h3>\n<p>liegt uns sehr am Herzen, daf\u00fcr nehmen wir uns auch gerne bei all unseren Kunden Zeit, denn Radfahren soll ja schlie\u00dflich Spass machen. Wenn Du auf unsere \u00fcber 30j\u00e4hrige Erfahrung (in unz\u00e4hligen Wettk\u00e4mpfen) vertrauen m\u00f6chtest, ersuchen wir um kurze telefonische<\/p>\n<p><a href=\"http:\/\/KONTAKT\" > Terminvereinbarung <\/a><\/p>\n<h2>Apparel<br \/>Dress to impress<\/h2>\n<ul data-lazy=\"1\">\n<li>\n<figure> <a href=\"https:\/\/test.rls-sport.at\/?product=athletic-sweatpants\" title=\"Athletic Sweatpants\"><img loading=\"lazy\" width=\"800\" height=\"800\" src=\"https:\/\/test.rls-sport.at\/wp-content\/uploads\/2019\/11\/grey-multi-pants.jpg\" title=\"Athletic Sweatpants\" alt=\"Athletic Sweatpants\" srcset=\"https:\/\/test.rls-sport.at\/wp-content\/uploads\/2019\/11\/grey-multi-pants.jpg 800w, https:\/\/test.rls-sport.at\/wp-content\/uploads\/2019\/11\/grey-multi-pants-300x300.jpg 300w, https:\/\/test.rls-sport.at\/wp-content\/uploads\/2019\/11\/grey-multi-pants-100x100.jpg 100w, https:\/\/test.rls-sport.at\/wp-content\/uploads\/2019\/11\/grey-multi-pants-600x600.jpg 600w, https:\/\/test.rls-sport.at\/wp-content\/uploads\/2019\/11\/grey-multi-pants-150x150.jpg 150w, https:\/\/test.rls-sport.at\/wp-content\/uploads\/2019\/11\/grey-multi-pants-768x768.jpg 768w\" sizes=\"(max-width: 800px) 100vw, 800px\" \/><\/a> <\/figure>\n<h3> <a href=\"https:\/\/test.rls-sport.at\/?product=athletic-sweatpants\" title=\"Athletic Sweatpants\"> Athletic Sweatpants <\/a> <\/h3>\n<p> <bdi>&euro;49.00<\/bdi> <\/p>\n<p><a href=\"?add-to-cart=23\" data-quantity=\"1\" data-product_id=\"23\" data-product_sku=\"\" aria-label=\"\u201eAthletic Sweatpants\u201c zu deinem Warenkorb hinzuf\u00fcgen\" rel=\"nofollow\">In den Warenkorb<\/a><\/p>\n<\/li>\n<li>\n<figure> <a href=\"https:\/\/test.rls-sport.at\/?product=grey-cargo\" title=\"Grey Cargo\"><img loading=\"lazy\" width=\"500\" height=\"500\" src=\"https:\/\/test.rls-sport.at\/wp-content\/uploads\/2019\/11\/cargo-sweat-jpants.jpg\" title=\"Grey Cargo\" alt=\"Grey Cargo\" srcset=\"https:\/\/test.rls-sport.at\/wp-content\/uploads\/2019\/11\/cargo-sweat-jpants.jpg 500w, https:\/\/test.rls-sport.at\/wp-content\/uploads\/2019\/11\/cargo-sweat-jpants-300x300.jpg 300w, https:\/\/test.rls-sport.at\/wp-content\/uploads\/2019\/11\/cargo-sweat-jpants-100x100.jpg 100w, https:\/\/test.rls-sport.at\/wp-content\/uploads\/2019\/11\/cargo-sweat-jpants-150x150.jpg 150w, https:\/\/test.rls-sport.at\/wp-content\/uploads\/2019\/11\/cargo-sweat-jpants-600x600.jpg 600w\" sizes=\"(max-width: 500px) 100vw, 500px\" \/><\/a> <\/figure>\n<h3> <a href=\"https:\/\/test.rls-sport.at\/?product=grey-cargo\" title=\"Grey Cargo\"> Grey Cargo <\/a> <\/h3>\n<p> <bdi>&euro;120.00<\/bdi> <\/p>\n<p><a href=\"?add-to-cart=24\" data-quantity=\"1\" data-product_id=\"24\" data-product_sku=\"\" aria-label=\"\u201eGrey Cargo\u201c zu deinem Warenkorb hinzuf\u00fcgen\" rel=\"nofollow\">In den Warenkorb<\/a><\/p>\n<\/li>\n<li>\n<figure> Angebot! <a href=\"https:\/\/test.rls-sport.at\/?product=skinny-womens-pants\" title=\"Skinny Womens Pants\"><img loading=\"lazy\" width=\"800\" height=\"800\" src=\"https:\/\/test.rls-sport.at\/wp-content\/uploads\/2019\/11\/skinny-jpants.jpg\" title=\"Skinny Womens Pants\" alt=\"Skinny Womens Pants\" srcset=\"https:\/\/test.rls-sport.at\/wp-content\/uploads\/2019\/11\/skinny-jpants.jpg 800w, https:\/\/test.rls-sport.at\/wp-content\/uploads\/2019\/11\/skinny-jpants-300x300.jpg 300w, https:\/\/test.rls-sport.at\/wp-content\/uploads\/2019\/11\/skinny-jpants-100x100.jpg 100w, https:\/\/test.rls-sport.at\/wp-content\/uploads\/2019\/11\/skinny-jpants-600x600.jpg 600w, https:\/\/test.rls-sport.at\/wp-content\/uploads\/2019\/11\/skinny-jpants-150x150.jpg 150w, https:\/\/test.rls-sport.at\/wp-content\/uploads\/2019\/11\/skinny-jpants-768x768.jpg 768w\" sizes=\"(max-width: 800px) 100vw, 800px\" \/><\/a> <\/figure>\n<h3> <a href=\"https:\/\/test.rls-sport.at\/?product=skinny-womens-pants\" title=\"Skinny Womens Pants\"> Skinny Womens Pants <\/a> <\/h3>\n<p> <del aria-hidden=\"true\"><bdi>&euro;69.00<\/bdi><\/del> <ins><bdi>&euro;59.00<\/bdi><\/ins> <\/p>\n<p><a href=\"?add-to-cart=25\" data-quantity=\"1\" data-product_id=\"25\" data-product_sku=\"\" aria-label=\"\u201eSkinny Womens Pants\u201c zu deinem Warenkorb hinzuf\u00fcgen\" rel=\"nofollow\">In den Warenkorb<\/a><\/p>\n<\/li>\n<li>\n<figure> Angebot! <a href=\"https:\/\/test.rls-sport.at\/?product=waist-pack-running-belt\" title=\"Waist Pack Running Belt\"><img loading=\"lazy\" width=\"355\" height=\"355\" src=\"https:\/\/test.rls-sport.at\/wp-content\/uploads\/2019\/11\/waist-pack-running-belt.jpg\" title=\"Waist Pack Running Belt\" alt=\"Waist Pack Running Belt\" srcset=\"https:\/\/test.rls-sport.at\/wp-content\/uploads\/2019\/11\/waist-pack-running-belt.jpg 355w, https:\/\/test.rls-sport.at\/wp-content\/uploads\/2019\/11\/waist-pack-running-belt-300x300.jpg 300w, https:\/\/test.rls-sport.at\/wp-content\/uploads\/2019\/11\/waist-pack-running-belt-100x100.jpg 100w, https:\/\/test.rls-sport.at\/wp-content\/uploads\/2019\/11\/waist-pack-running-belt-150x150.jpg 150w, https:\/\/test.rls-sport.at\/wp-content\/uploads\/2019\/11\/waist-pack-running-belt-600x600.jpg 600w\" sizes=\"(max-width: 355px) 100vw, 355px\" \/><\/a> <\/figure>\n<h3> <a href=\"https:\/\/test.rls-sport.at\/?product=waist-pack-running-belt\" title=\"Waist Pack Running Belt\"> Waist Pack Running Belt <\/a> <\/h3>\n<p> <del aria-hidden=\"true\"><bdi>&euro;21.99<\/bdi><\/del> <ins><bdi>&euro;15.00<\/bdi><\/ins> <\/p>\n<p><a href=\"?add-to-cart=26\" data-quantity=\"1\" data-product_id=\"26\" data-product_sku=\"\" aria-label=\"\u201eWaist Pack Running Belt\u201c zu deinem Warenkorb hinzuf\u00fcgen\" rel=\"nofollow\">In den Warenkorb<\/a><\/p>\n<\/li>\n<\/ul>\n<p><a href=\"https:\/\/themify.me\/demo\/themes\/ultra-fitness\/apparel\/\" > VIEW MORE <\/a><\/p>\n<h2>Team<br \/>In natura sind wir h\u00fcbscher<\/h2>\n<p><img loading=\"lazy\" src=\"https:\/\/test.rls-sport.at\/wp-content\/uploads\/2019\/11\/team03-260x250.jpg\" width=\"260\" height=\"250\" title=\"Vassilios Kabarakis\" alt=\"Inhaber\"> <\/p>\n<h3> Vassilios Kabarakis <\/h3>\n<p> Inhaber<br \/>\n<img loading=\"lazy\" src=\"https:\/\/test.rls-sport.at\/wp-content\/uploads\/2019\/11\/team02-260x250.jpg\" width=\"260\" height=\"250\" title=\"Elisabeth Gretha\" alt=\"Marketing\"> <\/p>\n<h3> Elisabeth Gretha <\/h3>\n<p> Marketing<\/p>\n<h2>Radfahren. Laufen. Schwimmen.<\/h2>\n<p>Rennr\u00e4der, Mountainbikes, E-Bikes. Crossr\u00e4der, Trekkingr\u00e4der, Kinder- und Jugendr\u00e4der sind unsere Leidenschaft. F\u00fcr Triathleten zeigen wir dir, was in deiner Lieblingsdisziplin noch drinnen ist. Bei uns bekommst du Beratung, Bike-Fitting und Service. Unser Gesch\u00e4ft verl\u00e4\u00dft du mit einem perfekt auf deine Biometrie eingestellten Fahrrad. Au\u00dferdem haben wir ein riesiges Sortiment von allem was dazugeh\u00f6rt.<\/p>\n<p><img loading=\"lazy\" src=\"https:\/\/test.rls-sport.at\/wp-content\/uploads\/2019\/11\/shutterstock_515100985-resized-885x441.png\" width=\"885\" height=\"441\" title=\"shutterstock_515100985-resized\" alt=\"shutterstock_515100985-resized\" srcset=\"https:\/\/test.rls-sport.at\/wp-content\/uploads\/2019\/11\/shutterstock_515100985-resized.png 885w, https:\/\/test.rls-sport.at\/wp-content\/uploads\/2019\/11\/shutterstock_515100985-resized-300x149.png 300w, https:\/\/test.rls-sport.at\/wp-content\/uploads\/2019\/11\/shutterstock_515100985-resized-768x383.png 768w, https:\/\/test.rls-sport.at\/wp-content\/uploads\/2019\/11\/shutterstock_515100985-resized-600x299.png 600w\" sizes=\"(max-width: 885px) 100vw, 885px\" \/><\/p>\n<h2>8 locations<br \/>Our workshop location<\/h2>\n<p>Donec malesuada, velit at eleifend pretium, tellus dolor congue odio, sed aliquet orci massa a purus. Nunc nec dapibus ligula. Sed accumsan, urna ut sodales aliquam.<\/p>\n<p>RLS-Sport<br \/>Alles. ausser. gew\u00f6hnlich.<!--\/themify_builder_static--><\/p>\n","protected":false},"excerpt":{"rendered":"<p>Alles. au\u00dfer. gew\u00f6hnlich.Tolles Service muss nicht sauteuer sein WerkstattSchrauben mit Feingef\u00fchl Das kleine Service \u20ac75 Steuersatz, Tretlager, Federgabel und Kette kontrollieren, Schaltung, Werfer und Bremsen einstellen, Laufr\u00e4der zentrieren&#8230; Das Gro\u00dfe Service \u20ac120 Steuersatz, Tretlager, Federgabel und Kette kontrollieren, Schaltung, Werfer und Bremsen einstellen, Laufr\u00e4der zentrieren. Zus\u00e4tzlich: Steuerung, Naben und Getriebe, wenn notwendig, zerlegen und fetten [&hellip;]<\/p>\n","protected":false},"author":1,"featured_media":0,"parent":0,"menu_order":0,"comment_status":"closed","ping_status":"closed","template":"","meta":[],"builder_content":"<h1>Alles. au\u00dfer. gew\u00f6hnlich.<br\/>Tolles Service muss nicht sauteuer sein<\/h1>\n\n<h2>Werkstatt<br\/>Schrauben mit Feingef\u00fchl<\/h2>\n<h3>Deine richtige Position<br \/>am Rad<\/h3> <p>liegt uns sehr am Herzen, daf\u00fcr nehmen wir uns auch gerne bei all unseren Kunden Zeit, denn Radfahren soll ja schlie\u00dflich Spass machen. Wenn Du auf unsere \u00fcber 30j\u00e4hrige Erfahrung (in unz\u00e4hligen Wettk\u00e4mpfen) vertrauen m\u00f6chtest, ersuchen wir um kurze telefonische<\/p>\n<a href=\"http:\/\/KONTAKT\" > Terminvereinbarung <\/a>\n<h2>Apparel<br\/>Dress to impress<\/h2>\n<a href=\"https:\/\/themify.me\/demo\/themes\/ultra-fitness\/apparel\/\" > VIEW MORE <\/a>\n<h2>Team<br\/>In natura sind wir h\u00fcbscher<\/h2>\n<img loading=\"lazy\" src=\"https:\/\/test.rls-sport.at\/wp-content\/uploads\/2019\/11\/team03-260x250.jpg\" width=\"260\" height=\"250\" title=\"Vassilios Kabarakis\" alt=\"Inhaber\"> <h3> Vassilios Kabarakis <\/h3> Inhaber\n<img loading=\"lazy\" src=\"https:\/\/test.rls-sport.at\/wp-content\/uploads\/2019\/11\/team02-260x250.jpg\" width=\"260\" height=\"250\" title=\"Elisabeth Gretha\" alt=\"Marketing\"> <h3> Elisabeth Gretha <\/h3> Marketing\n<h2>Radfahren. Laufen. Schwimmen.<\/h2> <p>Rennr\u00e4der, Mountainbikes, E-Bikes. Crossr\u00e4der, Trekkingr\u00e4der, Kinder- und Jugendr\u00e4der sind unsere Leidenschaft. F\u00fcr Triathleten zeigen wir dir, was in deiner Lieblingsdisziplin noch drinnen ist. Bei uns bekommst du Beratung, Bike-Fitting und Service. Unser Gesch\u00e4ft verl\u00e4\u00dft du mit einem perfekt auf deine Biometrie eingestellten Fahrrad. Au\u00dferdem haben wir ein riesiges Sortiment von allem was dazugeh\u00f6rt.<\/p>\n<img loading=\"lazy\" src=\"https:\/\/test.rls-sport.at\/wp-content\/uploads\/2019\/11\/shutterstock_515100985-resized-885x441.png\" width=\"885\" height=\"441\" title=\"shutterstock_515100985-resized\" alt=\"shutterstock_515100985-resized\" srcset=\"https:\/\/test.rls-sport.at\/wp-content\/uploads\/2019\/11\/shutterstock_515100985-resized.png 885w, https:\/\/test.rls-sport.at\/wp-content\/uploads\/2019\/11\/shutterstock_515100985-resized-300x149.png 300w, https:\/\/test.rls-sport.at\/wp-content\/uploads\/2019\/11\/shutterstock_515100985-resized-768x383.png 768w, https:\/\/test.rls-sport.at\/wp-content\/uploads\/2019\/11\/shutterstock_515100985-resized-600x299.png 600w\" sizes=\"(max-width: 885px) 100vw, 885px\" \/>\n<h2>8 locations<br\/>Our workshop location<\/h2>\n<p>Donec malesuada, velit at eleifend pretium, tellus dolor congue odio, sed aliquet orci massa a purus. Nunc nec dapibus ligula. Sed accumsan, urna ut sodales aliquam.<\/p>","_links":{"self":[{"href":"https:\/\/test.rls-sport.at\/index.php?rest_route=\/wp\/v2\/pages\/17"}],"collection":[{"href":"https:\/\/test.rls-sport.at\/index.php?rest_route=\/wp\/v2\/pages"}],"about":[{"href":"https:\/\/test.rls-sport.at\/index.php?rest_route=\/wp\/v2\/types\/page"}],"author":[{"embeddable":true,"href":"https:\/\/test.rls-sport.at\/index.php?rest_route=\/wp\/v2\/users\/1"}],"replies":[{"embeddable":true,"href":"https:\/\/test.rls-sport.at\/index.php?rest_route=%2Fwp%2Fv2%2Fcomments&post=17"}],"version-history":[{"count":24,"href":"https:\/\/test.rls-sport.at\/index.php?rest_route=\/wp\/v2\/pages\/17\/revisions"}],"predecessor-version":[{"id":182,"href":"https:\/\/test.rls-sport.at\/index.php?rest_route=\/wp\/v2\/pages\/17\/revisions\/182"}],"wp:attachment":[{"href":"https:\/\/test.rls-sport.at\/index.php?rest_route=%2Fwp%2Fv2%2Fmedia&parent=17"}],"curies":[{"name":"wp","href":"https:\/\/api.w.org\/{rel}","templated":true}]}}