{"id":18,"date":"2016-09-20T04:42:22","date_gmt":"2016-09-20T04:42:22","guid":{"rendered":"https:\/\/themify.me\/demo\/themes\/ultra-fitness\/?page_id=72"},"modified":"2019-12-05T14:12:53","modified_gmt":"2019-12-05T13:12:53","slug":"locations","status":"publish","type":"page","link":"https:\/\/test.rls-sport.at\/?page_id=18","title":{"rendered":"Kontakt"},"content":{"rendered":"<!-- wp:themify-builder\/canvas \/--><!--themify_builder_static--><h1>Adresse &#038; Kontakt<br\/>Es ist gar nicht so weit<\/h1>\n<h3>Und so findest Du uns:<\/h3> <ul> <li><strong>MIT DEM AUTO<\/strong> bei H\u00f6he Sch\u00f6nbrunn auf der Hadikgasse stadtausw\u00e4rts fahren bis zur Einm\u00fcndung in die A1 Westautobahn, dann rechts halten Richtung Purkersdorf-Tulln-Auhofcenter.<br \/><br \/>Auf der Hauptstrasse f\u00fcr ca. 2 km bleiben und bei der vierten Ampel links abbiegen auf den Josef Palme Platz.<\/li> <li>Mit den <strong>\u00d6FFENTLICHEN VERKEHRSMITTELN<\/strong> geht&#8217;s nat\u00fcrlich auch. Mit der U4 Nach H\u00fctteldorf, dann weiter mit der Linie 150 oder 151 bis Weidlingau Wurzbachtal oder von Wien Westbahnhof mit dem Regionalzug nach Weidlingau Wurzbachtal und dann noch etwa 2 bis 3 Gehminuten bis zum Ziel.<\/li> <\/ul>\nRLS-Sport<br \/>Alles. ausser. gew\u00f6hnlich.\n<h4>RLS-Sport<\/h4> <p>Josef Palme Platz 2<br \/>1140 Wien<\/p> <p>Telefon: +43 (0)1 97 97 106<br \/>Fax: +43 (0)1 979 43 65<\/p>\n<div class=\"shortcode themify-list location-hours\"><\/p> <ul> <li><em><strong>MO-FR<\/strong> 10:00-12:00 und 14:00-18:30<\/em><span class=\"shortcode themify-icon \"><\/span><\/li> <li><em><strong>SA<\/strong> 09:00-13:00<\/em><span class=\"shortcode themify-icon \"><\/span><\/li> <\/ul> <p><\/div>\n\n<h2>Kontakt<\/h2>\n<form action=\"https:\/\/test.rls-sport.at\/wp-admin\/admin-ajax.php\" id=\"contact-0--form\" method=\"post\"> <label for=\"contact-0--contact-name\">Name *<\/label> <input type=\"text\" name=\"contact-name\" placeholder=\"\" id=\"contact-0--contact-name\" value=\"\" required\/> <label for=\"contact-0--contact-email\">Email *<\/label> <input type=\"text\" name=\"contact-email\" placeholder=\"\" id=\"contact-0--contact-email\" value=\"\" required \/> <label for=\"contact-0--contact-message\">Nachricht *<\/label> <textarea name=\"contact-message\" placeholder=\"\" id=\"contact-0--contact-message\" rows=\"8\" cols=\"45\" required><\/textarea> <label> <input type=\"checkbox\" name=\"gdpr\" value=\"1\" required\/> Ich bin damit einverstanden, dass diese Website meine \u00fcbertragenen Informationen speichert, damit meine Anfrage beantwortet werden kann. * <\/label> <button type=\"submit\"> Senden <\/button> <\/form>\n<h2>Fragen<br\/><\/h2>\n<p>Fragen, W\u00fcnsche und Terminvereinbarungen?<\/p>\n<h3><strong>T<\/strong> +43 1 97 97 106<\/h3>\n<h3><strong>E<\/strong> <a href=\"mailto:office@rls-sport.at\">office@rls-sport.at<\/a><\/h3><!--\/themify_builder_static-->","protected":false},"excerpt":{"rendered":"<p>Adresse &#038; KontaktEs ist gar nicht so weit Und so findest Du uns: MIT DEM AUTO bei H\u00f6he Sch\u00f6nbrunn auf der Hadikgasse stadtausw\u00e4rts fahren bis zur Einm\u00fcndung in die A1 Westautobahn, dann rechts halten Richtung Purkersdorf-Tulln-Auhofcenter. Auf der Hauptstrasse f\u00fcr ca. 2 km bleiben und bei der vierten Ampel links abbiegen auf den Josef Palme [&hellip;]<\/p>\n","protected":false},"author":1,"featured_media":0,"parent":0,"menu_order":0,"comment_status":"closed","ping_status":"closed","template":"","meta":[],"builder_content":"<h1>Adresse & Kontakt<br\/>Es ist gar nicht so weit<\/h1>\n<h3>Und so findest Du uns:<\/h3> <ul> <li><strong>MIT DEM AUTO<\/strong> bei H\u00f6he Sch\u00f6nbrunn auf der Hadikgasse stadtausw\u00e4rts fahren bis zur Einm\u00fcndung in die A1 Westautobahn, dann rechts halten Richtung Purkersdorf-Tulln-Auhofcenter.<br \/><br \/>Auf der Hauptstrasse f\u00fcr ca. 2 km bleiben und bei der vierten Ampel links abbiegen auf den Josef Palme Platz.<\/li> <li>Mit den <strong>\u00d6FFENTLICHEN VERKEHRSMITTELN<\/strong> geht's nat\u00fcrlich auch. Mit der U4 Nach H\u00fctteldorf, dann weiter mit der Linie 150 oder 151 bis Weidlingau Wurzbachtal oder von Wien Westbahnhof mit dem Regionalzug nach Weidlingau Wurzbachtal und dann noch etwa 2 bis 3 Gehminuten bis zum Ziel.<\/li> <\/ul>\n<h4>RLS-Sport<\/h4> <p>Josef Palme Platz 2<br \/>1140 Wien<\/p> <p>Telefon: +43 (0)1 97 97 106<br \/>Fax: +43 (0)1 979 43 65<\/p>\n<p>[themify_list style=\"location-hours\"]<\/p> <ul> <li><em><strong>MO-FR<\/strong> 10:00-12:00 und 14:00-18:30<\/em><\/li> <li><em><strong>SA<\/strong> 09:00-13:00<\/em><\/li> <\/ul> <p>[\/themify_list]<\/p>\n\n<h2>Kontakt<\/h2>\n<h2>Fragen<br\/><\/h2>\n<p>Fragen, W\u00fcnsche und Terminvereinbarungen?<\/p>\n<h3><strong>T<\/strong> +43 1 97 97 106<\/h3>\n<h3><strong>E<\/strong> <a href=\"mailto:office@rls-sport.at\">office@rls-sport.at<\/a><\/h3>","_links":{"self":[{"href":"https:\/\/test.rls-sport.at\/index.php?rest_route=\/wp\/v2\/pages\/18"}],"collection":[{"href":"https:\/\/test.rls-sport.at\/index.php?rest_route=\/wp\/v2\/pages"}],"about":[{"href":"https:\/\/test.rls-sport.at\/index.php?rest_route=\/wp\/v2\/types\/page"}],"author":[{"embeddable":true,"href":"https:\/\/test.rls-sport.at\/index.php?rest_route=\/wp\/v2\/users\/1"}],"replies":[{"embeddable":true,"href":"https:\/\/test.rls-sport.at\/index.php?rest_route=%2Fwp%2Fv2%2Fcomments&post=18"}],"version-history":[{"count":19,"href":"https:\/\/test.rls-sport.at\/index.php?rest_route=\/wp\/v2\/pages\/18\/revisions"}],"predecessor-version":[{"id":128,"href":"https:\/\/test.rls-sport.at\/index.php?rest_route=\/wp\/v2\/pages\/18\/revisions\/128"}],"wp:attachment":[{"href":"https:\/\/test.rls-sport.at\/index.php?rest_route=%2Fwp%2Fv2%2Fmedia&parent=18"}],"curies":[{"name":"wp","href":"https:\/\/api.w.org\/{rel}","templated":true}]}}